{"id":7,"date":"2026-04-17T09:19:07","date_gmt":"2026-04-17T09:19:07","guid":{"rendered":"https:\/\/wikca.sk\/?page_id=7"},"modified":"2026-04-17T09:19:07","modified_gmt":"2026-04-17T09:19:07","slug":"kosik","status":"publish","type":"page","link":"https:\/\/wikca.sk\/?page_id=7","title":{"rendered":"Ko\u0161\u00edk"},"content":{"rendered":"\n<div data-block-name=\"woocommerce\/cart\" class=\"wp-block-woocommerce-cart alignwide is-loading\">\n<div data-block-name=\"woocommerce\/filled-cart-block\" class=\"wp-block-woocommerce-filled-cart-block\">\n<div data-block-name=\"woocommerce\/cart-items-block\" class=\"wp-block-woocommerce-cart-items-block\">\n<div data-block-name=\"woocommerce\/cart-line-items-block\" class=\"wp-block-woocommerce-cart-line-items-block\"><\/div>\n\n\n<\/div>\n\n\n\n\n<div data-block-name=\"woocommerce\/cart-totals-block\" class=\"wp-block-woocommerce-cart-totals-block\">\n<div data-block-name=\"woocommerce\/cart-order-summary-block\" class=\"wp-block-woocommerce-cart-order-summary-block\">\n<div data-block-name=\"woocommerce\/cart-order-summary-heading-block\" class=\"wp-block-woocommerce-cart-order-summary-heading-block\"><\/div><div data-block-name=\"woocommerce\/cart-order-summary-coupon-form-block\" class=\"wp-block-woocommerce-cart-order-summary-coupon-form-block\"><\/div><div data-block-name=\"woocommerce\/cart-order-summary-totals-block\" class=\"wp-block-woocommerce-cart-order-summary-totals-block\">\n<div data-block-name=\"woocommerce\/cart-order-summary-subtotal-block\" class=\"wp-block-woocommerce-cart-order-summary-subtotal-block\"><\/div>\n<div data-block-name=\"woocommerce\/cart-order-summary-discount-block\" class=\"wp-block-woocommerce-cart-order-summary-discount-block\"><\/div>\n<div data-block-name=\"woocommerce\/cart-order-summary-fee-block\" class=\"wp-block-woocommerce-cart-order-summary-fee-block\"><\/div>\n<div data-block-name=\"woocommerce\/cart-order-summary-shipping-block\" class=\"wp-block-woocommerce-cart-order-summary-shipping-block\"><\/div>\n<div data-block-name=\"woocommerce\/cart-order-summary-taxes-block\" class=\"wp-block-woocommerce-cart-order-summary-taxes-block\"><\/div><\/div>\n<\/div>\n\n\n\n<div data-block-name=\"woocommerce\/cart-express-payment-block\" class=\"wp-block-woocommerce-cart-express-payment-block\"><\/div>\n\n\n\n<div data-block-name=\"woocommerce\/proceed-to-checkout-block\" class=\"wp-block-woocommerce-proceed-to-checkout-block\"><\/div>\n\n\n\n<div data-block-name=\"woocommerce\/cart-accepted-payment-methods-block\" class=\"wp-block-woocommerce-cart-accepted-payment-methods-block\"><\/div>\n<\/div>\n<\/div>\n\n\n\n<div data-block-name=\"woocommerce\/empty-cart-block\" class=\"wp-block-woocommerce-empty-cart-block\">\n<h2 class=\"wp-block-heading has-text-align-center with-empty-cart-icon wc-block-cart__empty-cart__title\">V\u00e1\u0161 ko\u0161\u00edk je moment\u00e1lne pr\u00e1zdny!<\/h2>\n\n\n\n<hr class=\"wp-block-separator has-alpha-channel-opacity is-style-dots\"\/>\n\n\n\n<h2 class=\"wp-block-heading has-text-align-center\">Novinky v obchode<\/h2>\n\n\n<div data-block-name=\"woocommerce\/product-new\" data-columns=\"4\" data-rows=\"1\" class=\"wc-block-grid wp-block-product-new wp-block-woocommerce-product-new wc-block-product-new has-4-columns\"><ul class=\"wc-block-grid__products\"><li class=\"wc-block-grid__product\">\n\t\t\t\t<a href=\"https:\/\/wikca.sk\/?product=ink-cup-stand-blue\" class=\"wc-block-grid__product-link\">\n\t\t\t\t\t\n\t\t\t\t\t<div class=\"wc-block-grid__product-image\"><img loading=\"lazy\" decoding=\"async\" width=\"300\" height=\"300\" src=\"https:\/\/wikca.sk\/wp-content\/uploads\/2018\/09\/woo9-300x300.png\" class=\"attachment-woocommerce_thumbnail size-woocommerce_thumbnail\" alt=\"Ink Cup Stand Blue\" srcset=\"https:\/\/wikca.sk\/wp-content\/uploads\/2018\/09\/woo9-300x300.png 300w, https:\/\/wikca.sk\/wp-content\/uploads\/2018\/09\/woo9-150x150.png 150w, https:\/\/wikca.sk\/wp-content\/uploads\/2018\/09\/woo9-200x200.png 200w, https:\/\/wikca.sk\/wp-content\/uploads\/2018\/09\/woo9.png 600w\" sizes=\"auto, (max-width: 300px) 100vw, 300px\" \/><\/div>\n\t\t\t\t\t<div class=\"wc-block-grid__product-title\">Ink Cup Stand Blue<\/div>\n\t\t\t\t<\/a>\n\t\t\t\t<div class=\"wc-block-grid__product-price price\"><span class=\"woocommerce-Price-amount amount\"><span class=\"woocommerce-Price-currencySymbol\">&#036;<\/span>9.99<\/span><\/div>\n\t\t\t\t\n\t\t\t\t<div class=\"wp-block-button wc-block-grid__product-add-to-cart\"><a href=\"\/index.php?rest_route=%2Fwp%2Fv2%2Fpages%2F7&#038;add-to-cart=164\" aria-label=\"Prida\u0165 do ko\u0161\u00edka: \u201eInk Cup Stand Blue\u201c\" data-quantity=\"1\" data-product_id=\"164\" data-product_sku=\"\" data-price=\"9.99\" rel=\"nofollow\" class=\"wp-block-button__link  add_to_cart_button ajax_add_to_cart\">Prida\u0165 do ko\u0161\u00edka<\/a><\/div>\n\t\t\t<\/li><li class=\"wc-block-grid__product\">\n\t\t\t\t<a href=\"https:\/\/wikca.sk\/?product=sea-green-ink\" class=\"wc-block-grid__product-link\">\n\t\t\t\t\t\n\t\t\t\t\t<div class=\"wc-block-grid__product-image\"><img loading=\"lazy\" decoding=\"async\" width=\"300\" height=\"300\" src=\"https:\/\/wikca.sk\/wp-content\/uploads\/2018\/09\/woo2-300x300.png\" class=\"attachment-woocommerce_thumbnail size-woocommerce_thumbnail\" alt=\"Sea Green Ink\" srcset=\"https:\/\/wikca.sk\/wp-content\/uploads\/2018\/09\/woo2-300x300.png 300w, https:\/\/wikca.sk\/wp-content\/uploads\/2018\/09\/woo2-150x150.png 150w, https:\/\/wikca.sk\/wp-content\/uploads\/2018\/09\/woo2-200x200.png 200w, https:\/\/wikca.sk\/wp-content\/uploads\/2018\/09\/woo2.png 600w\" sizes=\"auto, (max-width: 300px) 100vw, 300px\" \/><\/div>\n\t\t\t\t\t<div class=\"wc-block-grid__product-title\">Sea Green Ink<\/div>\n\t\t\t\t<\/a>\n\t\t\t\t<div class=\"wc-block-grid__product-price price\"><span class=\"woocommerce-Price-amount amount\"><span class=\"woocommerce-Price-currencySymbol\">&#036;<\/span>29.99<\/span><\/div>\n\t\t\t\t\n\t\t\t\t<div class=\"wp-block-button wc-block-grid__product-add-to-cart\"><a href=\"\/index.php?rest_route=%2Fwp%2Fv2%2Fpages%2F7&#038;add-to-cart=163\" aria-label=\"Prida\u0165 do ko\u0161\u00edka: \u201eSea Green Ink\u201c\" data-quantity=\"1\" data-product_id=\"163\" data-product_sku=\"\" data-price=\"29.99\" rel=\"nofollow\" class=\"wp-block-button__link  add_to_cart_button ajax_add_to_cart\">Prida\u0165 do ko\u0161\u00edka<\/a><\/div>\n\t\t\t<\/li><li class=\"wc-block-grid__product\">\n\t\t\t\t<a href=\"https:\/\/wikca.sk\/?product=limited-edition-tattoo-kit\" class=\"wc-block-grid__product-link\">\n\t\t\t\t\t<div class=\"wc-block-grid__product-onsale\">\n\t\t\t<span aria-hidden=\"true\">Z\u013eava<\/span>\n\t\t\t<span class=\"screen-reader-text\">Z\u013eavnen\u00fd produkt<\/span>\n\t\t<\/div>\n\t\t\t\t\t<div class=\"wc-block-grid__product-image\"><img loading=\"lazy\" decoding=\"async\" width=\"300\" height=\"300\" src=\"https:\/\/wikca.sk\/wp-content\/uploads\/2018\/09\/woo8-300x300.png\" class=\"attachment-woocommerce_thumbnail size-woocommerce_thumbnail\" alt=\"Limited Edition Tattoo Kit\" srcset=\"https:\/\/wikca.sk\/wp-content\/uploads\/2018\/09\/woo8-300x300.png 300w, https:\/\/wikca.sk\/wp-content\/uploads\/2018\/09\/woo8-150x150.png 150w, https:\/\/wikca.sk\/wp-content\/uploads\/2018\/09\/woo8-200x200.png 200w, https:\/\/wikca.sk\/wp-content\/uploads\/2018\/09\/woo8.png 600w\" sizes=\"auto, (max-width: 300px) 100vw, 300px\" \/><\/div>\n\t\t\t\t\t<div class=\"wc-block-grid__product-title\">Limited Edition Tattoo Kit<\/div>\n\t\t\t\t<\/a>\n\t\t\t\t<div class=\"wc-block-grid__product-price price\"><del aria-hidden=\"true\"><span class=\"woocommerce-Price-amount amount\"><span class=\"woocommerce-Price-currencySymbol\">&#036;<\/span>59.99<\/span><\/del> <span class=\"screen-reader-text\">P\u00f4vodn\u00e1 cena bola: &#036;59.99.<\/span><ins aria-hidden=\"true\"><span class=\"woocommerce-Price-amount amount\"><span class=\"woocommerce-Price-currencySymbol\">&#036;<\/span>49.99<\/span><\/ins><span class=\"screen-reader-text\">Aktu\u00e1lna cena je: &#036;49.99.<\/span><\/div>\n\t\t\t\t\n\t\t\t\t<div class=\"wp-block-button wc-block-grid__product-add-to-cart\"><a href=\"\/index.php?rest_route=%2Fwp%2Fv2%2Fpages%2F7&#038;add-to-cart=162\" aria-label=\"Prida\u0165 do ko\u0161\u00edka: \u201eLimited Edition Tattoo Kit\u201c\" data-quantity=\"1\" data-product_id=\"162\" data-product_sku=\"\" data-price=\"49.99\" rel=\"nofollow\" class=\"wp-block-button__link  add_to_cart_button ajax_add_to_cart\">Prida\u0165 do ko\u0161\u00edka<\/a><\/div>\n\t\t\t<\/li><li class=\"wc-block-grid__product\">\n\t\t\t\t<a href=\"https:\/\/wikca.sk\/?product=rotary-super-stock\" class=\"wc-block-grid__product-link\">\n\t\t\t\t\t\n\t\t\t\t\t<div class=\"wc-block-grid__product-image\"><img loading=\"lazy\" decoding=\"async\" width=\"300\" height=\"300\" src=\"https:\/\/wikca.sk\/wp-content\/uploads\/2018\/09\/woo7-300x300.png\" class=\"attachment-woocommerce_thumbnail size-woocommerce_thumbnail\" alt=\"Rotary Super Stock\" srcset=\"https:\/\/wikca.sk\/wp-content\/uploads\/2018\/09\/woo7-300x300.png 300w, https:\/\/wikca.sk\/wp-content\/uploads\/2018\/09\/woo7-150x150.png 150w, https:\/\/wikca.sk\/wp-content\/uploads\/2018\/09\/woo7-200x200.png 200w, https:\/\/wikca.sk\/wp-content\/uploads\/2018\/09\/woo7.png 600w\" sizes=\"auto, (max-width: 300px) 100vw, 300px\" \/><\/div>\n\t\t\t\t\t<div class=\"wc-block-grid__product-title\">Rotary Super Stock<\/div>\n\t\t\t\t<\/a>\n\t\t\t\t<div class=\"wc-block-grid__product-price price\"><span class=\"woocommerce-Price-amount amount\"><span class=\"woocommerce-Price-currencySymbol\">&#036;<\/span>249.99<\/span><\/div>\n\t\t\t\t\n\t\t\t\t<div class=\"wp-block-button wc-block-grid__product-add-to-cart\"><a href=\"\/index.php?rest_route=%2Fwp%2Fv2%2Fpages%2F7&#038;add-to-cart=161\" aria-label=\"Prida\u0165 do ko\u0161\u00edka: \u201eRotary Super Stock\u201c\" data-quantity=\"1\" data-product_id=\"161\" data-product_sku=\"\" data-price=\"249.99\" rel=\"nofollow\" class=\"wp-block-button__link  add_to_cart_button ajax_add_to_cart\">Prida\u0165 do ko\u0161\u00edka<\/a><\/div>\n\t\t\t<\/li><\/ul><\/div><\/div>\n<\/div>\n","protected":false},"excerpt":{"rendered":"","protected":false},"author":1,"featured_media":0,"parent":0,"menu_order":0,"comment_status":"closed","ping_status":"closed","template":"","meta":{"footnotes":""},"class_list":["post-7","page","type-page","status-publish","hentry"],"_links":{"self":[{"href":"https:\/\/wikca.sk\/index.php?rest_route=\/wp\/v2\/pages\/7","targetHints":{"allow":["GET"]}}],"collection":[{"href":"https:\/\/wikca.sk\/index.php?rest_route=\/wp\/v2\/pages"}],"about":[{"href":"https:\/\/wikca.sk\/index.php?rest_route=\/wp\/v2\/types\/page"}],"author":[{"embeddable":true,"href":"https:\/\/wikca.sk\/index.php?rest_route=\/wp\/v2\/users\/1"}],"replies":[{"embeddable":true,"href":"https:\/\/wikca.sk\/index.php?rest_route=%2Fwp%2Fv2%2Fcomments&post=7"}],"version-history":[{"count":0,"href":"https:\/\/wikca.sk\/index.php?rest_route=\/wp\/v2\/pages\/7\/revisions"}],"wp:attachment":[{"href":"https:\/\/wikca.sk\/index.php?rest_route=%2Fwp%2Fv2%2Fmedia&parent=7"}],"curies":[{"name":"wp","href":"https:\/\/api.w.org\/{rel}","templated":true}]}}